{"id":2869,"date":"2025-05-26T14:07:08","date_gmt":"2025-05-26T12:07:08","guid":{"rendered":"https:\/\/malomice.pl\/?page_id=2869"},"modified":"2025-07-18T08:56:33","modified_gmt":"2025-07-18T06:56:33","slug":"program-czyste-powietrze-w-gminie-malomice","status":"publish","type":"page","link":"https:\/\/malomice.pl\/?page_id=2869","title":{"rendered":"Program Czyste Powietrze w Gminie Ma\u0142omice"},"content":{"rendered":"\t\t<div data-elementor-type=\"wp-page\" data-elementor-id=\"2869\" class=\"elementor elementor-2869\" data-elementor-post-type=\"page\">\n\t\t\t\t<div class=\"elementor-element elementor-element-f54ccef e-con-full elementor-hidden-mobile e-flex e-con e-parent\" data-id=\"f54ccef\" data-element_type=\"container\" data-e-type=\"container\" data-settings=\"{&quot;background_background&quot;:&quot;slideshow&quot;,&quot;background_slideshow_gallery&quot;:[{&quot;id&quot;:196,&quot;url&quot;:&quot;https:\\\/\\\/malomice.pl\\\/wp-content\\\/uploads\\\/2025\\\/04\\\/slider_2.jpg&quot;},{&quot;id&quot;:928,&quot;url&quot;:&quot;https:\\\/\\\/malomice.pl\\\/wp-content\\\/uploads\\\/2025\\\/04\\\/slider_2_a.jpg&quot;},{&quot;id&quot;:1818,&quot;url&quot;:&quot;https:\\\/\\\/malomice.pl\\\/wp-content\\\/uploads\\\/2025\\\/04\\\/slider_7.jpg&quot;},{&quot;id&quot;:1823,&quot;url&quot;:&quot;https:\\\/\\\/malomice.pl\\\/wp-content\\\/uploads\\\/2025\\\/04\\\/slider_8-1.jpg&quot;},{&quot;id&quot;:1824,&quot;url&quot;:&quot;https:\\\/\\\/malomice.pl\\\/wp-content\\\/uploads\\\/2025\\\/04\\\/slider_9.jpg&quot;},{&quot;id&quot;:1828,&quot;url&quot;:&quot;https:\\\/\\\/malomice.pl\\\/wp-content\\\/uploads\\\/2025\\\/04\\\/slider_13.jpg&quot;}],&quot;background_slideshow_slide_transition&quot;:&quot;slide_right&quot;,&quot;background_slideshow_ken_burns&quot;:&quot;yes&quot;,&quot;background_slideshow_loop&quot;:&quot;yes&quot;,&quot;background_slideshow_slide_duration&quot;:5000,&quot;background_slideshow_transition_duration&quot;:500,&quot;background_slideshow_ken_burns_zoom_direction&quot;:&quot;in&quot;,&quot;ekit_has_onepagescroll_dot&quot;:&quot;yes&quot;}\">\n\t\t<div class=\"elementor-element elementor-element-64abc67 e-con-full e-flex e-con e-child\" data-id=\"64abc67\" data-element_type=\"container\" data-e-type=\"container\" data-settings=\"{&quot;background_background&quot;:&quot;classic&quot;,&quot;ekit_has_onepagescroll_dot&quot;:&quot;yes&quot;}\">\n\t\t<div class=\"elementor-element elementor-element-b7eb524 e-con-full e-flex e-con e-child\" data-id=\"b7eb524\" data-element_type=\"container\" data-e-type=\"container\" data-settings=\"{&quot;background_background&quot;:&quot;classic&quot;,&quot;ekit_has_onepagescroll_dot&quot;:&quot;yes&quot;}\">\n\t\t<div class=\"elementor-element elementor-element-9e5afe9 e-con-full e-flex e-con e-child\" data-id=\"9e5afe9\" data-element_type=\"container\" data-e-type=\"container\" data-settings=\"{&quot;ekit_has_onepagescroll_dot&quot;:&quot;yes&quot;}\">\n\t\t<div class=\"elementor-element elementor-element-78f13ca e-con-full e-flex e-con e-child\" data-id=\"78f13ca\" data-element_type=\"container\" data-e-type=\"container\" data-settings=\"{&quot;ekit_has_onepagescroll_dot&quot;:&quot;yes&quot;}\">\n\t\t\t\t<div class=\"elementor-element elementor-element-2cfe4d9 elementor-widget__width-initial elementor-widget elementor-widget-heading\" data-id=\"2cfe4d9\" data-element_type=\"widget\" data-e-type=\"widget\" data-settings=\"{&quot;ekit_we_effect_on&quot;:&quot;none&quot;}\" data-widget_type=\"heading.default\">\n\t\t\t\t<div class=\"elementor-widget-container\">\n\t\t\t\t\t<h2 class=\"elementor-heading-title elementor-size-default\">Program Czyste Powietrze<\/h2>\t\t\t\t<\/div>\n\t\t\t\t<\/div>\n\t\t\t\t<div class=\"elementor-element elementor-element-9c42feb elementor-widget elementor-widget-image\" data-id=\"9c42feb\" data-element_type=\"widget\" data-e-type=\"widget\" data-settings=\"{&quot;ekit_we_effect_on&quot;:&quot;none&quot;}\" data-widget_type=\"image.default\">\n\t\t\t\t<div class=\"elementor-widget-container\">\n\t\t\t\t\t\t\t\t\t\t\t\t\t\t\t<img decoding=\"async\" width=\"156\" height=\"197\" data-src=\"https:\/\/malomice.pl\/wp-content\/uploads\/2025\/04\/herb_malomice.png\" class=\"attachment-large size-large wp-image-213 lazyload\" alt=\"\" src=\"data:image\/svg+xml;base64,PHN2ZyB3aWR0aD0iMSIgaGVpZ2h0PSIxIiB4bWxucz0iaHR0cDovL3d3dy53My5vcmcvMjAwMC9zdmciPjwvc3ZnPg==\" style=\"--smush-placeholder-width: 156px; --smush-placeholder-aspect-ratio: 156\/197;\" \/>\t\t\t\t\t\t\t\t\t\t\t\t\t\t\t<\/div>\n\t\t\t\t<\/div>\n\t\t\t\t<div class=\"elementor-element elementor-element-0b26c48 elementor-widget__width-initial elementor-widget elementor-widget-text-editor\" data-id=\"0b26c48\" data-element_type=\"widget\" data-e-type=\"widget\" data-settings=\"{&quot;ekit_we_effect_on&quot;:&quot;none&quot;}\" data-widget_type=\"text-editor.default\">\n\t\t\t\t<div class=\"elementor-widget-container\">\n\t\t\t\t\t\t\t\t\t<p>Program Czyste Powietrze w Gminie Ma\u0142omice<\/p>\t\t\t\t\t\t\t\t<\/div>\n\t\t\t\t<\/div>\n\t\t\t\t<\/div>\n\t\t\t\t<\/div>\n\t\t\t\t<\/div>\n\t\t\t\t<\/div>\n\t\t\t\t<\/div>\n\t\t<div class=\"elementor-element elementor-element-f03afd7 elementor-hidden-tablet elementor-hidden-mobile e-flex e-con-boxed e-con e-parent\" data-id=\"f03afd7\" data-element_type=\"container\" data-e-type=\"container\" data-settings=\"{&quot;background_background&quot;:&quot;classic&quot;,&quot;ekit_has_onepagescroll_dot&quot;:&quot;yes&quot;}\">\n\t\t\t\t\t<div class=\"e-con-inner\">\n\t\t\t\t\t<\/div>\n\t\t\t\t<\/div>\n\t\t<div class=\"elementor-element elementor-element-28ac08a elementor-hidden-desktop elementor-hidden-tablet e-flex e-con-boxed e-con e-parent\" data-id=\"28ac08a\" data-element_type=\"container\" data-e-type=\"container\" data-settings=\"{&quot;background_background&quot;:&quot;slideshow&quot;,&quot;background_slideshow_gallery&quot;:[{&quot;id&quot;:1072,&quot;url&quot;:&quot;https:\\\/\\\/malomice.pl\\\/wp-content\\\/uploads\\\/2025\\\/04\\\/slider_kom1.jpg&quot;},{&quot;id&quot;:1073,&quot;url&quot;:&quot;https:\\\/\\\/malomice.pl\\\/wp-content\\\/uploads\\\/2025\\\/04\\\/slider_kom2.jpg&quot;},{&quot;id&quot;:1838,&quot;url&quot;:&quot;https:\\\/\\\/malomice.pl\\\/wp-content\\\/uploads\\\/2025\\\/04\\\/slider_kom6.jpg&quot;},{&quot;id&quot;:1837,&quot;url&quot;:&quot;https:\\\/\\\/malomice.pl\\\/wp-content\\\/uploads\\\/2025\\\/04\\\/slider_kom5.jpg&quot;},{&quot;id&quot;:1836,&quot;url&quot;:&quot;https:\\\/\\\/malomice.pl\\\/wp-content\\\/uploads\\\/2025\\\/04\\\/slider_kom4.jpg&quot;},{&quot;id&quot;:1835,&quot;url&quot;:&quot;https:\\\/\\\/malomice.pl\\\/wp-content\\\/uploads\\\/2025\\\/04\\\/slider_kom3.jpg&quot;}],&quot;background_slideshow_loop&quot;:&quot;yes&quot;,&quot;background_slideshow_slide_duration&quot;:5000,&quot;background_slideshow_slide_transition&quot;:&quot;fade&quot;,&quot;background_slideshow_transition_duration&quot;:500,&quot;ekit_has_onepagescroll_dot&quot;:&quot;yes&quot;}\">\n\t\t\t\t\t<div class=\"e-con-inner\">\n\t\t<div class=\"elementor-element elementor-element-10e5049 e-con-full e-flex e-con e-child\" data-id=\"10e5049\" data-element_type=\"container\" data-e-type=\"container\" data-settings=\"{&quot;ekit_has_onepagescroll_dot&quot;:&quot;yes&quot;}\">\n\t\t\t\t<div class=\"elementor-element elementor-element-bbdec30 elementor-widget__width-initial elementor-widget elementor-widget-heading\" data-id=\"bbdec30\" data-element_type=\"widget\" data-e-type=\"widget\" data-settings=\"{&quot;ekit_we_effect_on&quot;:&quot;none&quot;}\" data-widget_type=\"heading.default\">\n\t\t\t\t<div class=\"elementor-widget-container\">\n\t\t\t\t\t<h2 class=\"elementor-heading-title elementor-size-default\">Program Czyste Powietrze<\/h2>\t\t\t\t<\/div>\n\t\t\t\t<\/div>\n\t\t\t\t<div class=\"elementor-element elementor-element-e3fde29 elementor-widget elementor-widget-image\" data-id=\"e3fde29\" data-element_type=\"widget\" data-e-type=\"widget\" data-settings=\"{&quot;ekit_we_effect_on&quot;:&quot;none&quot;}\" data-widget_type=\"image.default\">\n\t\t\t\t<div class=\"elementor-widget-container\">\n\t\t\t\t\t\t\t\t\t\t\t\t\t\t\t<img decoding=\"async\" width=\"156\" height=\"197\" data-src=\"https:\/\/malomice.pl\/wp-content\/uploads\/2025\/04\/herb_malomice.png\" class=\"attachment-large size-large wp-image-213 lazyload\" alt=\"\" src=\"data:image\/svg+xml;base64,PHN2ZyB3aWR0aD0iMSIgaGVpZ2h0PSIxIiB4bWxucz0iaHR0cDovL3d3dy53My5vcmcvMjAwMC9zdmciPjwvc3ZnPg==\" style=\"--smush-placeholder-width: 156px; --smush-placeholder-aspect-ratio: 156\/197;\" \/>\t\t\t\t\t\t\t\t\t\t\t\t\t\t\t<\/div>\n\t\t\t\t<\/div>\n\t\t\t\t<\/div>\n\t\t\t\t\t<\/div>\n\t\t\t\t<\/div>\n\t\t<div class=\"elementor-element elementor-element-08c7cec e-flex e-con-boxed e-con e-parent\" data-id=\"08c7cec\" data-element_type=\"container\" data-e-type=\"container\" data-settings=\"{&quot;ekit_has_onepagescroll_dot&quot;:&quot;yes&quot;}\">\n\t\t\t\t\t<div class=\"e-con-inner\">\n\t\t<div class=\"elementor-element elementor-element-9ae0380 e-con-full e-flex e-con e-child\" data-id=\"9ae0380\" data-element_type=\"container\" data-e-type=\"container\" data-settings=\"{&quot;ekit_has_onepagescroll_dot&quot;:&quot;yes&quot;}\">\n\t\t<div class=\"elementor-element elementor-element-66fa7e4 e-con-full e-flex e-con e-child\" data-id=\"66fa7e4\" data-element_type=\"container\" data-e-type=\"container\" data-settings=\"{&quot;ekit_has_onepagescroll_dot&quot;:&quot;yes&quot;}\">\n\t\t\t\t<div class=\"elementor-element elementor-element-e1c6c82 elementor-widget elementor-widget-text-editor\" data-id=\"e1c6c82\" data-element_type=\"widget\" data-e-type=\"widget\" data-settings=\"{&quot;ekit_we_effect_on&quot;:&quot;none&quot;}\" data-widget_type=\"text-editor.default\">\n\t\t\t\t<div class=\"elementor-widget-container\">\n\t\t\t\t\t\t\t\t\t<p><b>Obowi\u0105zkowa lista ZUM<\/b><\/p><p>Przypominamy, \u017ce\u00a0<b>od 14 czerwca 2024 r<\/b>. dotacja z programu \u201eCzyste Powietrze\u201d na\u00a0<b>pomp\u0119 ciep\u0142a, kocio\u0142 zgazowuj\u0105cy drewno lub kocio\u0142 na pellet<\/b>\u00a0mo\u017ce by\u0107 udzielona\u00a0<b>tylko wtedy, gdy urz\u0105dzenie wpisane jest na list\u0119 zielonych urz\u0105dze\u0144 i materia\u0142\u00f3w\u00a0<\/b>(lista ZUM dost\u0119pna jest pod linkiem:\u00a0<a href=\"https:\/\/lista-zum.ios.edu.pl\/\">https:\/\/lista-zum.ios.edu.pl\/<\/a>).<\/p><p>Szczeg\u00f3\u0142y ws. zmian programu \u201eCzyste Powietrze\u201d od 22 kwietnia:<\/p><p><a href=\"https:\/\/czystepowietrze.gov.pl\/media\/informacje-prasowe\/nowe-zasady-w-programie-czyste-powietrze\">https:\/\/czystepowietrze.gov.pl\/media\/informacje-prasowe\/nowe-zasady-w-programie-czyste-powietrze<\/a><\/p><p><br \/><b>Obowi\u0105zkowy audyt energetyczny<\/b><\/p><p>Informujemy, \u017ce od\u00a0<b>14 czerwca 2024 r.<\/b>\u00a0\u2014 w przypadku kupna i monta\u017cu pompy ciep\u0142a z dotacj\u0105 z programu \u201eCzyste Powietrze\u201d &#8211;\u00a0<b>obowi\u0105zkowo nale\u017cy wykona\u0107 audyt energetyczny<\/b>. Mo\u017cna na to dosta\u0107 dodatkow\u0105 dotacj\u0119 do 1 200 z\u0142.<\/p><p>Szczeg\u00f3\u0142y:<\/p><p><a href=\"https:\/\/czystepowietrze.gov.pl\/wazne-komunikaty\/lepsze\">https:\/\/czystepowietrze.gov.pl\/wazne-komunikaty\/lepsze<\/a><\/p>\t\t\t\t\t\t\t\t<\/div>\n\t\t\t\t<\/div>\n\t\t\t\t<\/div>\n\t\t\t\t<\/div>\n\t\t\t\t\t<\/div>\n\t\t\t\t<\/div>\n\t\t\t\t<\/div>\n\t\t","protected":false},"excerpt":{"rendered":"<p>Program Czyste Powietrze Program Czyste Powietrze w Gminie Ma\u0142omice Program Czyste Powietrze Obowi\u0105zkowa lista ZUM Przypominamy, \u017ce\u00a0od 14 czerwca 2024 [&hellip;]<\/p>\n","protected":false},"author":1,"featured_media":0,"parent":2846,"menu_order":0,"comment_status":"closed","ping_status":"closed","template":"","meta":{"_acf_changed":false,"site-sidebar-layout":"no-sidebar","site-content-layout":"","ast-site-content-layout":"full-width-container","site-content-style":"default","site-sidebar-style":"default","ast-global-header-display":"","ast-banner-title-visibility":"disabled","ast-main-header-display":"","ast-hfb-above-header-display":"","ast-hfb-below-header-display":"","ast-hfb-mobile-header-display":"","site-post-title":"disabled","ast-breadcrumbs-content":"","ast-featured-img":"disabled","footer-sml-layout":"disabled","theme-transparent-header-meta":"default","adv-header-id-meta":"","stick-header-meta":"","header-above-stick-meta":"","header-main-stick-meta":"","header-below-stick-meta":"","astra-migrate-meta-layouts":"set","ast-page-background-enabled":"default","ast-page-background-meta":{"desktop":{"background-color":"var(--ast-global-color-5)","background-image":"","background-repeat":"repeat","background-position":"center center","background-size":"auto","background-attachment":"scroll","background-type":"","background-media":"","overlay-type":"","overlay-color":"","overlay-opacity":"","overlay-gradient":""},"tablet":{"background-color":"","background-image":"","background-repeat":"repeat","background-position":"center center","background-size":"auto","background-attachment":"scroll","background-type":"","background-media":"","overlay-type":"","overlay-color":"","overlay-opacity":"","overlay-gradient":""},"mobile":{"background-color":"","background-image":"","background-repeat":"repeat","background-position":"center center","background-size":"auto","background-attachment":"scroll","background-type":"","background-media":"","overlay-type":"","overlay-color":"","overlay-opacity":"","overlay-gradient":""}},"ast-content-background-meta":{"desktop":{"background-color":"var(--ast-global-color-4)","background-image":"","background-repeat":"repeat","background-position":"center center","background-size":"auto","background-attachment":"scroll","background-type":"","background-media":"","overlay-type":"","overlay-color":"","overlay-opacity":"","overlay-gradient":""},"tablet":{"background-color":"var(--ast-global-color-4)","background-image":"","background-repeat":"repeat","background-position":"center center","background-size":"auto","background-attachment":"scroll","background-type":"","background-media":"","overlay-type":"","overlay-color":"","overlay-opacity":"","overlay-gradient":""},"mobile":{"background-color":"var(--ast-global-color-4)","background-image":"","background-repeat":"repeat","background-position":"center center","background-size":"auto","background-attachment":"scroll","background-type":"","background-media":"","overlay-type":"","overlay-color":"","overlay-opacity":"","overlay-gradient":""}},"footnotes":""},"class_list":["post-2869","page","type-page","status-publish","hentry"],"acf":[],"_links":{"self":[{"href":"https:\/\/malomice.pl\/index.php?rest_route=\/wp\/v2\/pages\/2869","targetHints":{"allow":["GET"]}}],"collection":[{"href":"https:\/\/malomice.pl\/index.php?rest_route=\/wp\/v2\/pages"}],"about":[{"href":"https:\/\/malomice.pl\/index.php?rest_route=\/wp\/v2\/types\/page"}],"author":[{"embeddable":true,"href":"https:\/\/malomice.pl\/index.php?rest_route=\/wp\/v2\/users\/1"}],"replies":[{"embeddable":true,"href":"https:\/\/malomice.pl\/index.php?rest_route=%2Fwp%2Fv2%2Fcomments&post=2869"}],"version-history":[{"count":10,"href":"https:\/\/malomice.pl\/index.php?rest_route=\/wp\/v2\/pages\/2869\/revisions"}],"predecessor-version":[{"id":4145,"href":"https:\/\/malomice.pl\/index.php?rest_route=\/wp\/v2\/pages\/2869\/revisions\/4145"}],"up":[{"embeddable":true,"href":"https:\/\/malomice.pl\/index.php?rest_route=\/wp\/v2\/pages\/2846"}],"wp:attachment":[{"href":"https:\/\/malomice.pl\/index.php?rest_route=%2Fwp%2Fv2%2Fmedia&parent=2869"}],"curies":[{"name":"wp","href":"https:\/\/api.w.org\/{rel}","templated":true}]}}